{"id":561,"date":"2025-03-03T10:05:21","date_gmt":"2025-03-03T10:05:21","guid":{"rendered":"https:\/\/laligaacademy.vn\/nextgen-draft\/contest-rules\/"},"modified":"2025-03-20T09:21:46","modified_gmt":"2025-03-20T09:21:46","slug":"contest-rules","status":"publish","type":"page","link":"https:\/\/laligaacademy.vn\/nextgen-draft\/contest-rules\/","title":{"rendered":"CONTEST RULES"},"content":{"rendered":"\t\t<div data-elementor-type=\"wp-page\" data-elementor-id=\"561\" class=\"elementor elementor-561 elementor-204\" data-elementor-post-type=\"page\">\n\t\t\t\t<div class=\"elementor-element elementor-element-5c76c31 e-flex e-con-boxed lakit-col-width-auto-no e-container e-root-container elementor-top-section e-con e-parent\" data-id=\"5c76c31\" data-element_type=\"container\" data-settings=\"{&quot;background_background&quot;:&quot;classic&quot;}\">\n\t\t\t\t\t<div class=\"e-con-inner\">\n\t\t<div class=\"elementor-element elementor-element-8efb58a e-con-full e-flex lakit-col-width-auto-no e-container e-con e-child\" data-id=\"8efb58a\" data-element_type=\"container\">\n\t\t\t\t<div class=\"elementor-element elementor-element-3ee227d text_banner animated-slow pp-info-box-top elementor-invisible elementor-widget elementor-widget-pp-info-box\" data-id=\"3ee227d\" data-element_type=\"widget\" data-settings=\"{&quot;_animation&quot;:&quot;fadeInLeft&quot;,&quot;_animation_delay&quot;:0}\" data-widget_type=\"pp-info-box.default\">\n\t\t\t\t<div class=\"elementor-widget-container\">\n\t\t\t\t\t\t\t<div class=\"pp-info-box-container\">\n\t\t\t<div class=\"pp-info-box\">\n\t\t\t\t\t\t\t\t\t<div class=\"pp-info-box-icon-wrap\">\n\t\t\t\t\t\t\t\t\t\t\t\t\t\t<span class=\"pp-info-box-icon pp-icon\">\n\t\t\t<img decoding=\"async\" width=\"158\" height=\"59\" src=\"https:\/\/laligaacademy.vn\/nextgen-draft\/wp-content\/uploads\/2025\/03\/Group-5-1.svg\" class=\"attachment-full size-full wp-image-578\" alt=\"\" \/>\t\t<\/span>\n\t\t\t\t\t\t\t\t\t\t\t\t\t<\/div>\n\t\t\t\t\t\t\t\t<div class=\"pp-info-box-content\">\n\t\t\t\t\t<div class=\"pp-info-box-title-wrap\">\n\t\t\t\t\t\t\t\t\t\t\t<\/div>\n\n\t\t\t\t\t\n\t\t\t\t\t\t\t\t\t\t\t\t\t\t<\/div>\n\t\t\t<\/div>\n\t\t<\/div>\n\t\t\t\t\t\t<\/div>\n\t\t\t\t<\/div>\n\t\t\t\t<div class=\"elementor-element elementor-element-df3d6ad text_banner animated-slow elementor-invisible elementor-widget elementor-widget-pp-info-box\" data-id=\"df3d6ad\" data-element_type=\"widget\" data-settings=\"{&quot;_animation&quot;:&quot;fadeInLeft&quot;,&quot;_animation_delay&quot;:100}\" data-widget_type=\"pp-info-box.default\">\n\t\t\t\t<div class=\"elementor-widget-container\">\n\t\t\t\t\t\t\t<div class=\"pp-info-box-container\">\n\t\t\t<div class=\"pp-info-box\">\n\t\t\t\t\t\t\t\t<div class=\"pp-info-box-content\">\n\t\t\t\t\t<div class=\"pp-info-box-title-wrap\">\n\t\t\t\t\t\t\t\t\t\t\t\t\t<div class=\"pp-info-box-title-container\">\n\t\t\t\t\t\t\t\t<h4 class=\"pp-info-box-title\">\n\t\t\t\t\t\t\t\t\t\u0110\u00e1nh th\u1ee9c ti\u1ec1m n\u0103ng, <strong>m\u1edf kh\u00f3a h\u00e0nh tr\u00ecnh<br>\u0111\u1ebfn T\u00e2y Ban Nha!\u00a0<\/strong>\t\t\t\t\t\t\t\t<\/h4>\n\t\t\t\t\t\t\t<\/div>\n\t\t\t\t\t\t\t\t\t\t\t\t<\/div>\n\n\t\t\t\t\t\n\t\t\t\t\t\t\t\t\t\t\t\t\t\t<\/div>\n\t\t\t<\/div>\n\t\t<\/div>\n\t\t\t\t\t\t<\/div>\n\t\t\t\t<\/div>\n\t\t\t\t<div class=\"elementor-element elementor-element-2b6a7f9 animated-slow elementor-invisible elementor-widget elementor-widget-image\" data-id=\"2b6a7f9\" data-element_type=\"widget\" data-settings=\"{&quot;_animation&quot;:&quot;fadeInLeft&quot;,&quot;_animation_delay&quot;:300}\" data-widget_type=\"image.default\">\n\t\t\t\t<div class=\"elementor-widget-container\">\n\t\t\t\t\t\t\t\t\t\t\t\t\t\t\t<img decoding=\"async\" width=\"395\" height=\"34\" src=\"https:\/\/laligaacademy.vn\/nextgen-draft\/wp-content\/uploads\/2025\/03\/Group-6-1.svg\" class=\"attachment-full size-full wp-image-597\" alt=\"\" \/>\t\t\t\t\t\t\t\t\t\t\t\t\t\t\t<\/div>\n\t\t\t\t<\/div>\n\t\t\t\t<\/div>\n\t\t<div class=\"elementor-element elementor-element-0560f5e e-con-full e-flex lakit-col-width-auto-no e-container e-con e-child\" data-id=\"0560f5e\" data-element_type=\"container\">\n\t\t\t\t<div class=\"elementor-element elementor-element-ca0547c elementor-hidden-mobile elementor-widget elementor-widget-image\" data-id=\"ca0547c\" data-element_type=\"widget\" data-widget_type=\"image.default\">\n\t\t\t\t<div class=\"elementor-widget-container\">\n\t\t\t\t\t\t\t\t\t\t\t\t\t\t\t<img fetchpriority=\"high\" decoding=\"async\" width=\"456\" height=\"516\" src=\"https:\/\/laligaacademy.vn\/nextgen-draft\/wp-content\/uploads\/2025\/03\/Layer-0-FX2-BampN-1.png\" class=\"attachment-full size-full wp-image-599\" alt=\"\" srcset=\"https:\/\/laligaacademy.vn\/nextgen-draft\/wp-content\/uploads\/2025\/03\/Layer-0-FX2-BampN-1.png 456w, https:\/\/laligaacademy.vn\/nextgen-draft\/wp-content\/uploads\/2025\/03\/Layer-0-FX2-BampN-1-265x300.png 265w\" sizes=\"(max-width: 456px) 100vw, 456px\" \/>\t\t\t\t\t\t\t\t\t\t\t\t\t\t\t<\/div>\n\t\t\t\t<\/div>\n\t\t\t\t<div class=\"elementor-element elementor-element-3c1f57e elementor-hidden-desktop elementor-hidden-tablet elementor-invisible elementor-widget elementor-widget-image\" data-id=\"3c1f57e\" data-element_type=\"widget\" data-settings=\"{&quot;_animation&quot;:&quot;fadeInUp&quot;}\" data-widget_type=\"image.default\">\n\t\t\t\t<div class=\"elementor-widget-container\">\n\t\t\t\t\t\t\t\t\t\t\t\t\t\t\t<img loading=\"lazy\" decoding=\"async\" width=\"430\" height=\"381\" src=\"https:\/\/laligaacademy.vn\/nextgen-draft\/wp-content\/uploads\/2025\/03\/Group-34-1-1.png\" class=\"attachment-full size-full wp-image-601\" alt=\"\" srcset=\"https:\/\/laligaacademy.vn\/nextgen-draft\/wp-content\/uploads\/2025\/03\/Group-34-1-1.png 430w, https:\/\/laligaacademy.vn\/nextgen-draft\/wp-content\/uploads\/2025\/03\/Group-34-1-1-300x266.png 300w\" sizes=\"(max-width: 430px) 100vw, 430px\" \/>\t\t\t\t\t\t\t\t\t\t\t\t\t\t\t<\/div>\n\t\t\t\t<\/div>\n\t\t\t\t<\/div>\n\t\t\t\t\t<\/div>\n\t\t\t\t<\/div>\n\t\t<div class=\"elementor-element elementor-element-f89611d e-flex e-con-boxed lakit-col-width-auto-no e-container e-root-container elementor-top-section e-con e-parent\" data-id=\"f89611d\" data-element_type=\"container\">\n\t\t\t\t\t<div class=\"e-con-inner\">\n\t\t\t\t<div class=\"elementor-element elementor-element-12fe0aa elementor-widget elementor-widget-heading\" data-id=\"12fe0aa\" data-element_type=\"widget\" data-widget_type=\"heading.default\">\n\t\t\t\t<div class=\"elementor-widget-container\">\n\t\t\t\t\t<h2 class=\"elementor-heading-title elementor-size-default\">TI\u00caU CH\u00cd TUY\u1ec2N CH\u1eccN<\/h2>\t\t\t\t<\/div>\n\t\t\t\t<\/div>\n\t\t\t\t<div class=\"elementor-element elementor-element-0939cbb blue_text elementor-widget elementor-widget-text-editor\" data-id=\"0939cbb\" data-element_type=\"widget\" data-widget_type=\"text-editor.default\">\n\t\t\t\t<div class=\"elementor-widget-container\">\n\t\t\t\t\t\t\t\t\t<p>C\u00e1c tuy\u1ec3n tr\u1ea1ch vi\u00ean LALIGA s\u1ebd \u0111\u00e1nh gi\u00e1 k\u1ef9 l\u01b0\u1ee1ng c\u00e1c c\u1ea7u th\u1ee7 d\u1ef1a tr\u00ean c\u00e1c y\u1ebfu t\u1ed1 v\u1ec1 k\u1ef9 thu\u1eadt, chi\u1ebfn thu\u1eadt, th\u1ec3 l\u1ef1c v\u00e0 th\u00e1i \u0111\u1ed9 thi \u0111\u1ea5u.<\/p><p>Qu\u00e1 tr\u00ecnh tuy\u1ec3n ch\u1ecdn \u0111\u01b0\u1ee3c th\u1ef1c hi\u1ec7n d\u1ef1a tr\u00ean \u0111\u00e1nh gi\u00e1 t\u1ed5ng th\u1ec3, bao g\u1ed3m hi\u1ec7u su\u1ea5t thi \u0111\u1ea5u trong gi\u1ea3i, c\u00e1c bu\u1ed5i t\u1eadp theo ph\u01b0\u01a1ng ph\u00e1p c\u1ee7a H\u1ecdc vi\u1ec7n FC Futures v\u00e0 c\u00e1c t\u00ecnh hu\u1ed1ng thi \u0111\u1ea5u th\u1ef1c t\u1ebf.<\/p><p>4 c\u1ea7u th\u1ee7 nam v\u00e0 4 c\u1ea7u th\u1ee7 n\u1eef xu\u1ea5t s\u1eafc nh\u1ea5t s\u1ebd nh\u1eadn \u0111\u01b0\u1ee3c h\u1ecdc b\u1ed5ng to\u00e0n ph\u1ea7n v\u00e0 c\u01a1 h\u1ed9i gia nh\u1eadp \u0111\u1ed9i tuy\u1ec3n qu\u1ed1c t\u1ebf, t\u1eadp h\u1ee3p nh\u1eefng t\u00e0i n\u0103ng tr\u1ebb t\u1eeb 5 s\u1ef1 ki\u1ec7n &#8216;Next Gen Draft&#8217; tr\u00ean to\u00e0n c\u1ea7u.<\/p><p>C\u00e1c c\u1ea7u th\u1ee7 \u0111\u01b0\u1ee3c ch\u1ecdn s\u1ebd c\u00f3 m\u1ed9t tr\u1ea3i nghi\u1ec7m b\u00f3ng \u0111\u00e1 \u0111\u00e1ng nh\u1edb t\u1ea1i T\u00e2y Ban Nha, bao g\u1ed3m t\u1eadp luy\u1ec7n, thi \u0111\u1ea5u v\u00e0 tham gia c\u00e1c ho\u1ea1t \u0111\u1ed9ng \u0111\u1eb7c bi\u1ec7t.<\/p>\t\t\t\t\t\t\t\t<\/div>\n\t\t\t\t<\/div>\n\t\t\t\t\t<\/div>\n\t\t\t\t<\/div>\n\t\t<div class=\"elementor-element elementor-element-91ff5a1 e-flex e-con-boxed lakit-col-width-auto-no e-container e-root-container elementor-top-section e-con e-parent\" data-id=\"91ff5a1\" data-element_type=\"container\">\n\t\t\t\t\t<div class=\"e-con-inner\">\n\t\t\t\t<div class=\"elementor-element elementor-element-bb7772b pp-buttons-halign-stretch elementor-widget__width-initial pp-buttons-valign-middle pp-buttons-stack-none elementor-widget elementor-widget-pp-buttons\" data-id=\"bb7772b\" data-element_type=\"widget\" data-widget_type=\"pp-buttons.default\">\n\t\t\t\t<div class=\"elementor-widget-container\">\n\t\t\t\t\t\t\t<div class=\"pp-buttons-group\">\n\t\t\t\t\t\t\t\t\t\t\t<a href=\"https:\/\/laligaacademy.vn\/nextgen-draft\/vi\/team-registration\/\" class=\"pp-button elementor-button elementor-size-sm elementor-repeater-item-c746a94 \">\n\t\t\t\t\t<div class=\"pp-button-content-wrapper\">\n\t\t\t\t\t\t<span class=\"pp-button-content-inner pp-icon-before\">\n\t\t\t\t\t\t\t\n\t\t\t\t\t\t\t\t<span class=\"pp-button-title\">\n\t\t\t\t\t\t\t\t\t\u0110\u0102NG K\u00dd MI\u1ec4N PH\u00cd NGAY\t\t\t\t\t\t\t\t<\/span>\n\t\t\t\t\t\t\t\t\t\t\t\t\t<\/span>\n\t\t\t\t\t<\/div>\n\t\t\t\t<\/a>\n\t\t\t\t\t\t\t\t\t\t<\/div>\t\t\t\t<\/div>\n\t\t\t\t<\/div>\n\t\t\t\t\t<\/div>\n\t\t\t\t<\/div>\n\t\t\t\t<\/div>\n\t\t","protected":false},"excerpt":{"rendered":"<p>\u0110\u00e1nh th\u1ee9c ti\u1ec1m n\u0103ng, m\u1edf kh\u00f3a h\u00e0nh tr\u00ecnh\u0111\u1ebfn T\u00e2y Ban Nha!\u00a0 TI\u00caU CH\u00cd TUY\u1ec2N CH\u1eccN&#8230;<\/p>\n","protected":false},"author":1,"featured_media":0,"parent":0,"menu_order":0,"comment_status":"closed","ping_status":"closed","template":"elementor_header_footer","meta":{"footnotes":""},"class_list":["post-561","page","type-page","status-publish","hentry"],"acf":[],"_links":{"self":[{"href":"https:\/\/laligaacademy.vn\/nextgen-draft\/wp-json\/wp\/v2\/pages\/561","targetHints":{"allow":["GET"]}}],"collection":[{"href":"https:\/\/laligaacademy.vn\/nextgen-draft\/wp-json\/wp\/v2\/pages"}],"about":[{"href":"https:\/\/laligaacademy.vn\/nextgen-draft\/wp-json\/wp\/v2\/types\/page"}],"author":[{"embeddable":true,"href":"https:\/\/laligaacademy.vn\/nextgen-draft\/wp-json\/wp\/v2\/users\/1"}],"replies":[{"embeddable":true,"href":"https:\/\/laligaacademy.vn\/nextgen-draft\/wp-json\/wp\/v2\/comments?post=561"}],"version-history":[{"count":28,"href":"https:\/\/laligaacademy.vn\/nextgen-draft\/wp-json\/wp\/v2\/pages\/561\/revisions"}],"predecessor-version":[{"id":1540,"href":"https:\/\/laligaacademy.vn\/nextgen-draft\/wp-json\/wp\/v2\/pages\/561\/revisions\/1540"}],"wp:attachment":[{"href":"https:\/\/laligaacademy.vn\/nextgen-draft\/wp-json\/wp\/v2\/media?parent=561"}],"curies":[{"name":"wp","href":"https:\/\/api.w.org\/{rel}","templated":true}]}}