{"id":568,"date":"2025-03-03T09:32:38","date_gmt":"2025-03-03T09:32:38","guid":{"rendered":"https:\/\/laligaacademy.vn\/nextgen-draft\/tournament-rules\/"},"modified":"2025-04-15T05:13:58","modified_gmt":"2025-04-15T05:13:58","slug":"tournament-rules","status":"publish","type":"page","link":"https:\/\/laligaacademy.vn\/nextgen-draft\/tournament-rules\/","title":{"rendered":"TOURNAMENT RULES"},"content":{"rendered":"\t\t<div data-elementor-type=\"wp-page\" data-elementor-id=\"568\" class=\"elementor elementor-568 elementor-162\" data-elementor-post-type=\"page\">\n\t\t\t\t<div class=\"elementor-element elementor-element-57f13a8 e-flex e-con-boxed lakit-col-width-auto-no e-container e-root-container elementor-top-section e-con e-parent\" data-id=\"57f13a8\" data-element_type=\"container\" data-settings=\"{&quot;background_background&quot;:&quot;classic&quot;}\">\n\t\t\t\t\t<div class=\"e-con-inner\">\n\t\t<div class=\"elementor-element elementor-element-2bc9c74 e-con-full e-flex lakit-col-width-auto-no e-container e-con e-child\" data-id=\"2bc9c74\" data-element_type=\"container\">\n\t\t\t\t<div class=\"elementor-element elementor-element-b0c0c79 text_banner animated-slow pp-info-box-top elementor-invisible elementor-widget elementor-widget-pp-info-box\" data-id=\"b0c0c79\" data-element_type=\"widget\" data-settings=\"{&quot;_animation&quot;:&quot;fadeInLeft&quot;,&quot;_animation_delay&quot;:0}\" data-widget_type=\"pp-info-box.default\">\n\t\t\t\t<div class=\"elementor-widget-container\">\n\t\t\t\t\t\t\t<div class=\"pp-info-box-container\">\n\t\t\t<div class=\"pp-info-box\">\n\t\t\t\t\t\t\t\t\t<div class=\"pp-info-box-icon-wrap\">\n\t\t\t\t\t\t\t\t\t\t\t\t\t\t<span class=\"pp-info-box-icon pp-icon\">\n\t\t\t<img decoding=\"async\" width=\"158\" height=\"59\" src=\"https:\/\/laligaacademy.vn\/nextgen-draft\/wp-content\/uploads\/2025\/03\/Group-5-1.svg\" class=\"attachment-full size-full wp-image-578\" alt=\"\" \/>\t\t<\/span>\n\t\t\t\t\t\t\t\t\t\t\t\t\t<\/div>\n\t\t\t\t\t\t\t\t<div class=\"pp-info-box-content\">\n\t\t\t\t\t<div class=\"pp-info-box-title-wrap\">\n\t\t\t\t\t\t\t\t\t\t\t<\/div>\n\n\t\t\t\t\t\n\t\t\t\t\t\t\t\t\t\t\t\t\t\t<\/div>\n\t\t\t<\/div>\n\t\t<\/div>\n\t\t\t\t\t\t<\/div>\n\t\t\t\t<\/div>\n\t\t\t\t<div class=\"elementor-element elementor-element-b263865 text_banner text_banner_vi animated-slow elementor-invisible elementor-widget elementor-widget-pp-info-box\" data-id=\"b263865\" data-element_type=\"widget\" data-settings=\"{&quot;_animation&quot;:&quot;fadeInLeft&quot;,&quot;_animation_delay&quot;:100}\" data-widget_type=\"pp-info-box.default\">\n\t\t\t\t<div class=\"elementor-widget-container\">\n\t\t\t\t\t\t\t<div class=\"pp-info-box-container\">\n\t\t\t<div class=\"pp-info-box\">\n\t\t\t\t\t\t\t\t<div class=\"pp-info-box-content\">\n\t\t\t\t\t<div class=\"pp-info-box-title-wrap\">\n\t\t\t\t\t\t\t\t\t\t\t\t\t<div class=\"pp-info-box-title-container\">\n\t\t\t\t\t\t\t\t<h4 class=\"pp-info-box-title\">\n\t\t\t\t\t\t\t\t\t\u0110\u00e1nh th\u1ee9c ti\u1ec1m n\u0103ng, <strong>m\u1edf kh\u00f3a h\u00e0nh tr\u00ecnh<br>\u0111\u1ebfn T\u00e2y Ban Nha!\u00a0<\/strong>\t\t\t\t\t\t\t\t<\/h4>\n\t\t\t\t\t\t\t<\/div>\n\t\t\t\t\t\t\t\t\t\t\t\t<\/div>\n\n\t\t\t\t\t\n\t\t\t\t\t\t\t\t\t\t\t\t\t\t<\/div>\n\t\t\t<\/div>\n\t\t<\/div>\n\t\t\t\t\t\t<\/div>\n\t\t\t\t<\/div>\n\t\t\t\t<div class=\"elementor-element elementor-element-4aa3929 animated-slow elementor-invisible elementor-widget elementor-widget-image\" data-id=\"4aa3929\" data-element_type=\"widget\" data-settings=\"{&quot;_animation&quot;:&quot;fadeInLeft&quot;,&quot;_animation_delay&quot;:300}\" data-widget_type=\"image.default\">\n\t\t\t\t<div class=\"elementor-widget-container\">\n\t\t\t\t\t\t\t\t\t\t\t\t\t\t\t<img decoding=\"async\" width=\"395\" height=\"34\" src=\"https:\/\/laligaacademy.vn\/nextgen-draft\/wp-content\/uploads\/2025\/03\/Group-6-1.svg\" class=\"attachment-full size-full wp-image-597\" alt=\"\" \/>\t\t\t\t\t\t\t\t\t\t\t\t\t\t\t<\/div>\n\t\t\t\t<\/div>\n\t\t\t\t<\/div>\n\t\t<div class=\"elementor-element elementor-element-07a2eff e-con-full e-flex lakit-col-width-auto-no e-container e-con e-child\" data-id=\"07a2eff\" data-element_type=\"container\">\n\t\t\t\t<div class=\"elementor-element elementor-element-0159a89 elementor-hidden-mobile elementor-widget elementor-widget-image\" data-id=\"0159a89\" data-element_type=\"widget\" data-widget_type=\"image.default\">\n\t\t\t\t<div class=\"elementor-widget-container\">\n\t\t\t\t\t\t\t\t\t\t\t\t\t\t\t<img fetchpriority=\"high\" decoding=\"async\" width=\"456\" height=\"516\" src=\"https:\/\/laligaacademy.vn\/nextgen-draft\/wp-content\/uploads\/2025\/03\/Layer-0-FX2-BampN-1.png\" class=\"attachment-full size-full wp-image-599\" alt=\"\" srcset=\"https:\/\/laligaacademy.vn\/nextgen-draft\/wp-content\/uploads\/2025\/03\/Layer-0-FX2-BampN-1.png 456w, https:\/\/laligaacademy.vn\/nextgen-draft\/wp-content\/uploads\/2025\/03\/Layer-0-FX2-BampN-1-265x300.png 265w\" sizes=\"(max-width: 456px) 100vw, 456px\" \/>\t\t\t\t\t\t\t\t\t\t\t\t\t\t\t<\/div>\n\t\t\t\t<\/div>\n\t\t\t\t<div class=\"elementor-element elementor-element-ee7f03d elementor-hidden-desktop elementor-hidden-tablet elementor-invisible elementor-widget elementor-widget-image\" data-id=\"ee7f03d\" data-element_type=\"widget\" data-settings=\"{&quot;_animation&quot;:&quot;fadeInUp&quot;}\" data-widget_type=\"image.default\">\n\t\t\t\t<div class=\"elementor-widget-container\">\n\t\t\t\t\t\t\t\t\t\t\t\t\t\t\t<img loading=\"lazy\" decoding=\"async\" width=\"430\" height=\"381\" src=\"https:\/\/laligaacademy.vn\/nextgen-draft\/wp-content\/uploads\/2025\/03\/Group-34-1-1.png\" class=\"attachment-full size-full wp-image-601\" alt=\"\" srcset=\"https:\/\/laligaacademy.vn\/nextgen-draft\/wp-content\/uploads\/2025\/03\/Group-34-1-1.png 430w, https:\/\/laligaacademy.vn\/nextgen-draft\/wp-content\/uploads\/2025\/03\/Group-34-1-1-300x266.png 300w\" sizes=\"(max-width: 430px) 100vw, 430px\" \/>\t\t\t\t\t\t\t\t\t\t\t\t\t\t\t<\/div>\n\t\t\t\t<\/div>\n\t\t\t\t<\/div>\n\t\t\t\t\t<\/div>\n\t\t\t\t<\/div>\n\t\t<div class=\"elementor-element elementor-element-dfcb8e8 e-flex e-con-boxed lakit-col-width-auto-no e-container e-root-container elementor-top-section e-con e-parent\" data-id=\"dfcb8e8\" data-element_type=\"container\">\n\t\t\t\t\t<div class=\"e-con-inner\">\n\t\t\t\t<div class=\"elementor-element elementor-element-78ece77 elementor-widget elementor-widget-heading\" data-id=\"78ece77\" data-element_type=\"widget\" data-widget_type=\"heading.default\">\n\t\t\t\t<div class=\"elementor-widget-container\">\n\t\t\t\t\t<h2 class=\"elementor-heading-title elementor-size-default\">TH\u1ec2 L\u1ec6 GI\u1ea2I \u0110\u1ea4U<\/h2>\t\t\t\t<\/div>\n\t\t\t\t<\/div>\n\t\t\t\t\t<\/div>\n\t\t\t\t<\/div>\n\t\t<div class=\"elementor-element elementor-element-17dd9d6 e-flex e-con-boxed lakit-col-width-auto-no e-container e-root-container elementor-top-section e-con e-parent\" data-id=\"17dd9d6\" data-element_type=\"container\">\n\t\t\t\t\t<div class=\"e-con-inner\">\n\t\t<div class=\"elementor-element elementor-element-2ae42c8 e-con-full e-flex lakit-col-width-auto-no e-container e-con e-child\" data-id=\"2ae42c8\" data-element_type=\"container\">\n\t\t\t\t<div class=\"elementor-element elementor-element-ad609d6 elementor-widget elementor-widget-pp-info-box\" data-id=\"ad609d6\" data-element_type=\"widget\" data-widget_type=\"pp-info-box.default\">\n\t\t\t\t<div class=\"elementor-widget-container\">\n\t\t\t\t\t\t\t<div class=\"pp-info-box-container\">\n\t\t\t<div class=\"pp-info-box\">\n\t\t\t\t\t\t\t\t<div class=\"pp-info-box-content\">\n\t\t\t\t\t<div class=\"pp-info-box-title-wrap\">\n\t\t\t\t\t\t\t\t\t\t\t\t\t<h5 class=\"pp-info-box-subtitle\">\n\t\t\t\t\t\t\t\t<span style=\"color:#fff\">Ng\u00e0y 1 &amp; 2<\/span> <br>FIFA RUSH TOURNAMENT\t\t\t\t\t\t\t<\/h5>\n\t\t\t\t\t\t\t\t\t\t\t\t<\/div>\n\n\t\t\t\t\t\n\t\t\t\t\t\t\t\t\t\t\t<div class=\"pp-info-box-description\">\n\t\t\t\t\t\t\t<p>224 c\u1ea7u th\u1ee7<\/p>\t\t\t\t\t\t<\/div>\n\t\t\t\t\t\t\t\t\t\t\t\t\t\t<\/div>\n\t\t\t<\/div>\n\t\t<\/div>\n\t\t\t\t\t\t<\/div>\n\t\t\t\t<\/div>\n\t\t\t\t<\/div>\n\t\t<div class=\"elementor-element elementor-element-c5a473f e-con-full e-flex lakit-col-width-auto-no e-container e-con e-child\" data-id=\"c5a473f\" data-element_type=\"container\">\n\t\t\t\t<div class=\"elementor-element elementor-element-dc9f2ee line elementor-widget elementor-widget-text-editor\" data-id=\"dc9f2ee\" data-element_type=\"widget\" data-widget_type=\"text-editor.default\">\n\t\t\t\t<div class=\"elementor-widget-container\">\n\t\t\t\t\t\t\t\t\t<ul><li>16 \u0111\u1ed9i Nam &amp; 16 \u0111\u1ed9i N\u1eef nh\u00f3m tu\u1ed5i U16 (sinh n\u0103m 2010 \u2013 2011) thi \u0111\u1ea5u ri\u00eang bi\u1ec7t.\u200b<\/li><li>C\u00e1c \u0111\u1ed9i \u0111\u01b0\u1ee3c chia th\u00e0nh 4 b\u1ea3ng, m\u1ed7i b\u1ea3ng 4 \u0111\u1ed9i. C\u00e1c \u0111\u1ed9i \u0111\u1ee9ng \u0111\u1ea7u m\u1ed7i b\u1ea3ng s\u1ebd b\u01b0\u1edbc v\u00e0o v\u00f2ng b\u00e1n k\u1ebft.\u200b<\/li><li>M\u1ed7i \u0111\u1ed9i thi \u0111\u1ea5u t\u1ed1i thi\u1ec3u 3 tr\u1eadn.\u200b<\/li><li>T\u1ed1i \u0111a 7 c\u1ea7u th\u1ee7 m\u1ed9t \u0111\u1ed9i.\u200b<\/li><li>Thi \u0111\u1ea5u 5 ng\u01b0\u1eddi (4 c\u1ea7u th\u1ee7 + th\u1ee7 m\u00f4n)\u200b<\/li><li>M\u1ed7i tr\u1eadn c\u00f3 2 hi\u1ec7p, m\u1ed7i hi\u1ec7p 7 ph\u00fat, kh\u00f4ng ngh\u1ec9 gi\u1eefa gi\u1edd.\u200b<\/li><li>Tuy\u1ec3n tr\u1ea1ch vi\u00ean LALIGA ch\u1ecdn ra 27 c\u1ea7u th\u1ee7 nam v\u00e0 27 c\u1ea7u th\u1ee7 n\u1eef v\u00e0o v\u00f2ng trong. (<span data-teams=\"true\">7\u00a0c\u1ea7u th\u1ee7\u00a0th\u1eafng cu\u1ed9c v\u00e0 20 c\u1ea7u th\u1ee7\u00a0xu\u1ea5t\u00a0s\u1eafc nh\u1ea5t<\/span>)\u200b<\/li><\/ul>\t\t\t\t\t\t\t\t<\/div>\n\t\t\t\t<\/div>\n\t\t\t\t<\/div>\n\t\t\t\t\t<\/div>\n\t\t\t\t<\/div>\n\t\t<div class=\"elementor-element elementor-element-264b86a e-flex e-con-boxed lakit-col-width-auto-no e-container e-root-container elementor-top-section e-con e-parent\" data-id=\"264b86a\" data-element_type=\"container\">\n\t\t\t\t\t<div class=\"e-con-inner\">\n\t\t<div class=\"elementor-element elementor-element-2adb1bf e-con-full e-flex lakit-col-width-auto-no e-container e-con e-child\" data-id=\"2adb1bf\" data-element_type=\"container\">\n\t\t\t\t<div class=\"elementor-element elementor-element-210b735 elementor-widget elementor-widget-image\" data-id=\"210b735\" data-element_type=\"widget\" data-widget_type=\"image.default\">\n\t\t\t\t<div class=\"elementor-widget-container\">\n\t\t\t\t\t\t\t\t\t\t\t\t\t\t\t<img loading=\"lazy\" decoding=\"async\" width=\"1280\" height=\"720\" src=\"https:\/\/laligaacademy.vn\/nextgen-draft\/wp-content\/uploads\/2025\/03\/sanbong.jpg\" class=\"attachment-full size-full wp-image-1503\" alt=\"\" srcset=\"https:\/\/laligaacademy.vn\/nextgen-draft\/wp-content\/uploads\/2025\/03\/sanbong.jpg 1280w, https:\/\/laligaacademy.vn\/nextgen-draft\/wp-content\/uploads\/2025\/03\/sanbong-300x169.jpg 300w, https:\/\/laligaacademy.vn\/nextgen-draft\/wp-content\/uploads\/2025\/03\/sanbong-1024x576.jpg 1024w, https:\/\/laligaacademy.vn\/nextgen-draft\/wp-content\/uploads\/2025\/03\/sanbong-768x432.jpg 768w\" sizes=\"(max-width: 1280px) 100vw, 1280px\" \/>\t\t\t\t\t\t\t\t\t\t\t\t\t\t\t<\/div>\n\t\t\t\t<\/div>\n\t\t\t\t<\/div>\n\t\t<div class=\"elementor-element elementor-element-e79b2bd e-con-full e-flex lakit-col-width-auto-no e-container e-con e-child\" data-id=\"e79b2bd\" data-element_type=\"container\">\n\t\t\t\t<div class=\"elementor-element elementor-element-290d7f2 elementor-widget elementor-widget-pp-info-box\" data-id=\"290d7f2\" data-element_type=\"widget\" data-widget_type=\"pp-info-box.default\">\n\t\t\t\t<div class=\"elementor-widget-container\">\n\t\t\t\t\t\t\t<div class=\"pp-info-box-container\">\n\t\t\t<div class=\"pp-info-box\">\n\t\t\t\t\t\t\t\t<div class=\"pp-info-box-content\">\n\t\t\t\t\t<div class=\"pp-info-box-title-wrap\">\n\t\t\t\t\t\t\t\t\t\t\t\t\t<div class=\"pp-info-box-title-container\">\n\t\t\t\t\t\t\t\t<h4 class=\"pp-info-box-title\">\n\t\t\t\t\t\t\t\t\tLU\u1eacT THI \u0110\u1ea4U RUSH \t\t\t\t\t\t\t\t<\/h4>\n\t\t\t\t\t\t\t<\/div>\n\t\t\t\t\t\t\t\t\t\t\t\t<\/div>\n\n\t\t\t\t\t\n\t\t\t\t\t\t\t\t\t\t\t<div class=\"pp-info-box-description\">\n\t\t\t\t\t\t\t<ul><li>Di\u1ec7n t\u00edch s\u00e2n 50m x 30m<\/li><li>D\u1eebng th\u1eddi gian khi b\u00f3ng ch\u1ebft\u200b<\/li><li>Tr\u01b0\u1eddng h\u1ee3p k\u1ebft qu\u1ea3 ho\u00e0: thi \u0111\u1ea5u th\u00eam 2&#8217;20&#8221; v\u1edbi lu\u1eadt B\u00e0n th\u1eafng v\u00e0ng.\u200b<\/li><li>N\u1ebfu v\u1eabn ch\u01b0a c\u00f3 \u0111\u1ed9i th\u1eafng cu\u1ed9c: s\u00fat lu\u00e2n l\u01b0u 1 vs 1, m\u1ed7i c\u1ea7u th\u1ee7 th\u1ef1c hi\u1ec7n 1 l\u1ea7n.\u200b<\/li><li>M\u1ed7i hi\u1ec7p \u0111\u1ea5u k\u00e9o d\u00e0i 7 ph\u00fat. Hai \u0111\u1ed9i nhanh ch\u00f3ng \u0111\u1ed5i s\u00e2n sau m\u1ed7i hi\u1ec7p. \u200b<\/li><li>\u1ede \u0111\u1ea7u m\u1ed7i hi\u1ec7p, hai \u0111\u1ed9i c\u00f9ng tranh b\u00f3ng \u0111\u01b0\u1ee3c \u0111\u1eb7t \u1edf gi\u1eefa s\u00e2n.\u200b<\/li><li>Ch\u1ec9 \u00e1p d\u1ee5ng vi\u1ec7t v\u1ecb trong khu v\u1ef1c 1\/3 cu\u1ed1i s\u00e2n.\u200b<\/li><li>B\u00e0n th\u1eafng ch\u1ec9 \u0111\u01b0\u1ee3c c\u00f4ng nh\u1eadn khi b\u00f3ng \u0111\u00e3 l\u0103n qua v\u1ea1ch 1\/3 cu\u1ed1i s\u00e2n.\u200b<\/li><li>\u0110\u1ed1i v\u1edbi t\u00ecnh hu\u1ed1ng ph\u1ea1m l\u1ed7i: lu\u00f4n \u0111\u00e1 ph\u1ea1t gi\u00e1n ti\u1ebfp.\u200b<\/li><li>S\u00fat ph\u1ea1t \u0111\u1ec1n 1 vs 1.\u200b<\/li><li>Kh\u00f4ng \u00e1p d\u1ee5ng th\u1ebb \u0111\u1ecf.\u200b<\/li><li>Th\u1ebb xanh: b\u1ecb ph\u1ea1t r\u1eddi kh\u1ecfi s\u00e2n 1 ph\u00fat. Th\u1eddi gian r\u1eddi s\u00e2n s\u1ebd \u0111\u01b0\u1ee3c r\u00fat ng\u1eafn 15 gi\u00e2y khi c\u00f3 b\u00e0n th\u1eafng \u0111\u01b0\u1ee3c ghi.\u200b<\/li><li>2 th\u1ebb v\u00e0ng = 1 th\u1ebb xanh.\u200b<\/li><li>\u0110\u1ed9i nh\u1eadn 3 th\u1ebb xanh trong c\u00f9ng tr\u1eadn \u0111\u1ea5u s\u1ebd b\u1ecb x\u1eed thua.\u200b<\/li><\/ul>\t\t\t\t\t\t<\/div>\n\t\t\t\t\t\t\t\t\t\t\t\t\t\t<\/div>\n\t\t\t<\/div>\n\t\t<\/div>\n\t\t\t\t\t\t<\/div>\n\t\t\t\t<\/div>\n\t\t\t\t<\/div>\n\t\t\t\t\t<\/div>\n\t\t\t\t<\/div>\n\t\t<div class=\"elementor-element elementor-element-56dd93e e-flex e-con-boxed lakit-col-width-auto-no e-container e-root-container elementor-top-section e-con e-parent\" data-id=\"56dd93e\" data-element_type=\"container\">\n\t\t\t\t\t<div class=\"e-con-inner\">\n\t\t<div class=\"elementor-element elementor-element-4ce6809 e-con-full e-flex lakit-col-width-auto-no e-container e-con e-child\" data-id=\"4ce6809\" data-element_type=\"container\">\n\t\t\t\t<div class=\"elementor-element elementor-element-f6bb117 elementor-widget-divider--view-line elementor-widget elementor-widget-divider\" data-id=\"f6bb117\" data-element_type=\"widget\" data-widget_type=\"divider.default\">\n\t\t\t\t<div class=\"elementor-widget-container\">\n\t\t\t\t\t\t\t<div class=\"elementor-divider\">\n\t\t\t<span class=\"elementor-divider-separator\">\n\t\t\t\t\t\t<\/span>\n\t\t<\/div>\n\t\t\t\t\t\t<\/div>\n\t\t\t\t<\/div>\n\t\t\t\t<div class=\"elementor-element elementor-element-bfc8674 elementor-widget elementor-widget-pp-info-box\" data-id=\"bfc8674\" data-element_type=\"widget\" data-widget_type=\"pp-info-box.default\">\n\t\t\t\t<div class=\"elementor-widget-container\">\n\t\t\t\t\t\t\t<div class=\"pp-info-box-container\">\n\t\t\t<div class=\"pp-info-box\">\n\t\t\t\t\t\t\t\t<div class=\"pp-info-box-content\">\n\t\t\t\t\t<div class=\"pp-info-box-title-wrap\">\n\t\t\t\t\t\t\t\t\t\t\t\t\t<h5 class=\"pp-info-box-subtitle\">\n\t\t\t\t\t\t\t\t<span style=\"color:#fff\">Ng\u00e0y 3 (Bu\u1ed5i s\u00e1ng)<\/span> <br>BU\u1ed4I T\u1eacP V\u1edaI PH\u01af\u01a0NG PH\u00c1P FC FUTURES\t\t\t\t\t\t\t<\/h5>\n\t\t\t\t\t\t\t\t\t\t\t\t<\/div>\n\n\t\t\t\t\t\n\t\t\t\t\t\t\t\t\t\t\t<div class=\"pp-info-box-description\">\n\t\t\t\t\t\t\t27 c\u1ea7u th\u1ee7\t\t\t\t\t\t<\/div>\n\t\t\t\t\t\t\t\t\t\t\t\t\t\t<\/div>\n\t\t\t<\/div>\n\t\t<\/div>\n\t\t\t\t\t\t<\/div>\n\t\t\t\t<\/div>\n\t\t\t\t<\/div>\n\t\t<div class=\"elementor-element elementor-element-5f80195 e-con-full e-flex lakit-col-width-auto-no e-container e-con e-child\" data-id=\"5f80195\" data-element_type=\"container\">\n\t\t\t\t<div class=\"elementor-element elementor-element-4d29bb5 elementor-widget elementor-widget-text-editor\" data-id=\"4d29bb5\" data-element_type=\"widget\" data-widget_type=\"text-editor.default\">\n\t\t\t\t<div class=\"elementor-widget-container\">\n\t\t\t\t\t\t\t\t\t<ul><li>27 c\u1ea7u th\u1ee7 nam v\u00e0 27 c\u1ea7u th\u1ee7 n\u1eef \u00a0\u0111\u01b0\u1ee3c ch\u1ecdn t\u1eeb v\u00f2ng m\u1ed9t.\u200b<\/li><li>Bu\u1ed5i t\u1eadp \u0111\u01b0\u1ee3c d\u1eabn d\u1eaft b\u1edfi c\u00e1c HLV LALIGA d\u1ef1a tr\u00ean Ph\u01b0\u01a1ng ph\u00e1p hu\u1ea5n luy\u1ec7n FC Futures do c\u00e1c t\u00ean tu\u1ed5i h\u00e0ng \u0111\u1ea7u trong l\u00e0ng b\u00f3ng \u0111\u00e1 ph\u00e1t tri\u1ec3n. (https:\/\/www.ea.com\/en-gb\/games\/ea-sports-fc\/fc-futures\/practices)\u200b<\/li><li>Ki\u1ebfn t\u1ea1o n\u1ed9i dung cho n\u1ec1n t\u1ea3ng Ph\u01b0\u01a1ng ph\u00e1p hu\u1ea5n luy\u1ec7n FC Futures\u200b<\/li><li>16 c\u1ea7u th\u1ee7 nam v\u00e0 16 c\u1ea7u th\u1ee7 n\u1eef\u00a0xu\u1ea5t s\u1eafc nh\u1ea5t s\u1ebd \u0111\u01b0\u1ee3c ch\u1ecdn\u00a0\u0111\u1ec3 tham gia thi \u0111\u1ea5u \u0111\u1ed1i kh\u00e1ng.\u200b<\/li><\/ul>\t\t\t\t\t\t\t\t<\/div>\n\t\t\t\t<\/div>\n\t\t\t\t<\/div>\n\t\t\t\t\t<\/div>\n\t\t\t\t<\/div>\n\t\t<div class=\"elementor-element elementor-element-57e77f3 e-flex e-con-boxed lakit-col-width-auto-no e-container e-root-container elementor-top-section e-con e-parent\" data-id=\"57e77f3\" data-element_type=\"container\">\n\t\t\t\t\t<div class=\"e-con-inner\">\n\t\t<div class=\"elementor-element elementor-element-4019afd e-con-full e-flex lakit-col-width-auto-no e-container e-con e-child\" data-id=\"4019afd\" data-element_type=\"container\">\n\t\t\t\t<div class=\"elementor-element elementor-element-e900cff elementor-widget elementor-widget-pp-info-box\" data-id=\"e900cff\" data-element_type=\"widget\" data-widget_type=\"pp-info-box.default\">\n\t\t\t\t<div class=\"elementor-widget-container\">\n\t\t\t\t\t\t\t<div class=\"pp-info-box-container\">\n\t\t\t<div class=\"pp-info-box\">\n\t\t\t\t\t\t\t\t<div class=\"pp-info-box-content\">\n\t\t\t\t\t<div class=\"pp-info-box-title-wrap\">\n\t\t\t\t\t\t\t\t\t\t\t\t\t<h5 class=\"pp-info-box-subtitle\">\n\t\t\t\t\t\t\t\t<span style=\"color:#fff\">Ng\u00e0y 3 (Bu\u1ed5i chi\u1ec1u)<\/span> <br>THI \u0110\u1ea4U \u0110\u1ed0I KH\u00c1NG\t\t\t\t\t\t\t<\/h5>\n\t\t\t\t\t\t\t\t\t\t\t\t<\/div>\n\n\t\t\t\t\t\n\t\t\t\t\t\t\t\t\t\t\t<div class=\"pp-info-box-description\">\n\t\t\t\t\t\t\t16 c\u1ea7u th\u1ee7\t\t\t\t\t\t<\/div>\n\t\t\t\t\t\t\t\t\t\t\t\t\t\t<\/div>\n\t\t\t<\/div>\n\t\t<\/div>\n\t\t\t\t\t\t<\/div>\n\t\t\t\t<\/div>\n\t\t\t\t<\/div>\n\t\t<div class=\"elementor-element elementor-element-2b8ceb2 e-con-full e-flex lakit-col-width-auto-no e-container e-con e-child\" data-id=\"2b8ceb2\" data-element_type=\"container\">\n\t\t\t\t<div class=\"elementor-element elementor-element-e8492e5 elementor-widget elementor-widget-text-editor\" data-id=\"e8492e5\" data-element_type=\"widget\" data-widget_type=\"text-editor.default\">\n\t\t\t\t<div class=\"elementor-widget-container\">\n\t\t\t\t\t\t\t\t\t<ul><li>16 c\u1ea7u th\u1ee7 nam v\u00e0 16 c\u1ea7u th\u1ee7 n\u1eef s\u1ebd thi \u0111\u1ea5u giao h\u1eefu (s\u00e2n 11) v\u1edbi m\u1ed9t \u0111\u1ed9i \u0111\u1ebfn t\u1eeb H\u1ecdc vi\u1ec7n LALIGA.\u200b<\/li><li>8 c\u1ea7u th\u1ee7 cu\u1ed1i c\u00f9ng (4 nam v\u00e0 4 n\u1eef) \u0111\u01b0\u1ee3c tuy\u1ec3n ch\u1ecdn b\u1edfi c\u00e1c tuy\u1ec3n tr\u1ea1ch vi\u00ean LALIGA\u00a0\u0111\u1ec3 b\u1eaft \u0111\u1ea7u nh\u1eefng\u00a0tr\u1ea3i nghi\u1ec7m\u00a0\u0111\u1ed9c\u00a0\u0111\u00e1o c\u1ee7a LALIGA T\u00e2y Ban Nha.\u200b<\/li><\/ul>\t\t\t\t\t\t\t\t<\/div>\n\t\t\t\t<\/div>\n\t\t\t\t<div class=\"elementor-element elementor-element-da21ae6 text_banner elementor-widget elementor-widget-pp-info-box\" data-id=\"da21ae6\" data-element_type=\"widget\" data-widget_type=\"pp-info-box.default\">\n\t\t\t\t<div class=\"elementor-widget-container\">\n\t\t\t\t\t\t\t<div class=\"pp-info-box-container\">\n\t\t\t<div class=\"pp-info-box\">\n\t\t\t\t\t\t\t\t<div class=\"pp-info-box-content\">\n\t\t\t\t\t<div class=\"pp-info-box-title-wrap\">\n\t\t\t\t\t\t\t\t\t\t\t<\/div>\n\n\t\t\t\t\t\n\t\t\t\t\t\t\t\t\t\t\t\t\t\t\t\t\t<div class=\"pp-info-box-footer\">\n\t\t\t\t\t<a href=\"https:\/\/laligaacademy.vn\/nextgen-draft\/ea-sports-fc-25-rush-deep-dive\/\" target=\"_blank\" class=\"pp-info-box-button elementor-button elementor-size-md\">\n\t\t\t\t\t\t\t\t\t\t\t\t\t<span class='pp-button-icon pp-icon'>\n\t\t\t\t\t\t\t\t<svg aria-hidden=\"true\" class=\"e-font-icon-svg e-fas-plus\" viewBox=\"0 0 448 512\" xmlns=\"http:\/\/www.w3.org\/2000\/svg\"><path d=\"M416 208H272V64c0-17.67-14.33-32-32-32h-32c-17.67 0-32 14.33-32 32v144H32c-17.67 0-32 14.33-32 32v32c0 17.67 14.33 32 32 32h144v144c0 17.67 14.33 32 32 32h32c17.67 0 32-14.33 32-32V304h144c17.67 0 32-14.33 32-32v-32c0-17.67-14.33-32-32-32z\"><\/path><\/svg>\t\t\t\t\t\t\t<\/span>\n\t\t\t\t\t\t\t\t\t\t\t\t\t\t\t\t\t\t\t<span class=\"pp-button-text\">\n\t\t\t\t\t\t\t\tXEM TH\u00caM V\u1ec0 C\u00c1CH CH\u01a0I RUSH\t\t\t\t\t\t\t<\/span>\n\t\t\t\t\t\t\t\t\t\t\t\t\t\t\t\t\t<\/a>\n\t\t\t\t<\/div>\n\t\t\t\t\t\t\t\t\t\t<\/div>\n\t\t\t<\/div>\n\t\t<\/div>\n\t\t\t\t\t\t<\/div>\n\t\t\t\t<\/div>\n\t\t\t\t<\/div>\n\t\t\t\t\t<\/div>\n\t\t\t\t<\/div>\n\t\t<div class=\"elementor-element elementor-element-b1be581 e-flex e-con-boxed lakit-col-width-auto-no e-container e-root-container elementor-top-section e-con e-parent\" data-id=\"b1be581\" data-element_type=\"container\">\n\t\t\t\t\t<div class=\"e-con-inner\">\n\t\t\t\t<div class=\"elementor-element elementor-element-35bb201 elementor-widget elementor-widget-heading\" data-id=\"35bb201\" data-element_type=\"widget\" data-widget_type=\"heading.default\">\n\t\t\t\t<div class=\"elementor-widget-container\">\n\t\t\t\t\t<h2 class=\"elementor-heading-title elementor-size-default\">TH\u1edcI GIAN &amp; \u0110\u1ecaA \u0110I\u1ec2M<\/h2>\t\t\t\t<\/div>\n\t\t\t\t<\/div>\n\t\t\t\t<div class=\"elementor-element elementor-element-c25ab08 elementor-widget elementor-widget-image\" data-id=\"c25ab08\" data-element_type=\"widget\" data-widget_type=\"image.default\">\n\t\t\t\t<div class=\"elementor-widget-container\">\n\t\t\t\t\t\t\t\t\t\t\t\t\t\t\t<img loading=\"lazy\" decoding=\"async\" width=\"1347\" height=\"705\" src=\"https:\/\/laligaacademy.vn\/nextgen-draft\/wp-content\/uploads\/2025\/03\/Group-60.png\" class=\"attachment-full size-full wp-image-142\" alt=\"\" srcset=\"https:\/\/laligaacademy.vn\/nextgen-draft\/wp-content\/uploads\/2025\/03\/Group-60.png 1347w, https:\/\/laligaacademy.vn\/nextgen-draft\/wp-content\/uploads\/2025\/03\/Group-60-300x157.png 300w, https:\/\/laligaacademy.vn\/nextgen-draft\/wp-content\/uploads\/2025\/03\/Group-60-1024x536.png 1024w, https:\/\/laligaacademy.vn\/nextgen-draft\/wp-content\/uploads\/2025\/03\/Group-60-768x402.png 768w\" sizes=\"(max-width: 1347px) 100vw, 1347px\" \/>\t\t\t\t\t\t\t\t\t\t\t\t\t\t\t<\/div>\n\t\t\t\t<\/div>\n\t\t\t\t<div class=\"elementor-element elementor-element-7d47bae elementor-widget__width-initial elementor-widget elementor-widget-pp-info-box\" data-id=\"7d47bae\" data-element_type=\"widget\" data-widget_type=\"pp-info-box.default\">\n\t\t\t\t<div class=\"elementor-widget-container\">\n\t\t\t\t\t\t\t<div class=\"pp-info-box-container\">\n\t\t\t<div class=\"pp-info-box\">\n\t\t\t\t\t\t\t\t<div class=\"pp-info-box-content\">\n\t\t\t\t\t<div class=\"pp-info-box-title-wrap\">\n\t\t\t\t\t\t\t\t\t\t\t\t\t<div class=\"pp-info-box-title-container\">\n\t\t\t\t\t\t\t\t<h4 class=\"pp-info-box-title\">\n\t\t\t\t\t\t\t\t\tS\u00e2n v\u1eadn \u0111\u1ed9ng Gia \u0110\u1ecbnh\t\t\t\t\t\t\t\t<\/h4>\n\t\t\t\t\t\t\t<\/div>\n\t\t\t\t\t\t\t\t\t\t\t\t\t\t<h5 class=\"pp-info-box-subtitle\">\n\t\t\t\t\t\t\t\tNG\u00c0Y: 11-13\/04\/2025\t\t\t\t\t\t\t<\/h5>\n\t\t\t\t\t\t\t\t\t\t\t\t<\/div>\n\n\t\t\t\t\t\n\t\t\t\t\t\t\t\t\t\t\t\t\t\t\t\t\t<div class=\"pp-info-box-footer\">\n\t\t\t\t\t<a href=\"https:\/\/maps.app.goo.gl\/fWuGB8wETHeCFuPw5\" class=\"pp-info-box-button elementor-button elementor-size-md\" target=\"_blank\" rel=\"noopener\">\n\t\t\t\t\t\t\t\t\t\t\t\t\t\t\t\t\t\t\t<span class=\"pp-button-text\">\n\t\t\t\t\t\t\t\t2A Phan Chu Trinh, Ph\u01b0\u1eddng 12, Qu\u1eadn B\u00ecnh Th\u1ea1nh, H\u1ed3 Ch\u00ed Minh\t\t\t\t\t\t\t<\/span>\n\t\t\t\t\t\t\t\t\t\t\t\t\t\t\t\t\t<\/a>\n\t\t\t\t<\/div>\n\t\t\t\t\t\t\t\t\t\t<\/div>\n\t\t\t<\/div>\n\t\t<\/div>\n\t\t\t\t\t\t<\/div>\n\t\t\t\t<\/div>\n\t\t\t\t\t<\/div>\n\t\t\t\t<\/div>\n\t\t<div class=\"elementor-element elementor-element-68cc6d4 elementor-hidden-desktop elementor-hidden-tablet elementor-hidden-mobile e-flex e-con-boxed lakit-col-width-auto-no e-container e-root-container elementor-top-section e-con e-parent\" data-id=\"68cc6d4\" data-element_type=\"container\">\n\t\t\t\t\t<div class=\"e-con-inner\">\n\t\t\t\t<div class=\"elementor-element elementor-element-b92a496 pp-buttons-halign-stretch elementor-widget__width-initial pp-buttons-valign-middle pp-buttons-stack-none elementor-widget elementor-widget-pp-buttons\" data-id=\"b92a496\" data-element_type=\"widget\" data-widget_type=\"pp-buttons.default\">\n\t\t\t\t<div class=\"elementor-widget-container\">\n\t\t\t\t\t\t\t<div class=\"pp-buttons-group\">\n\t\t\t\t\t\t\t\t\t\t\t<a href=\"https:\/\/laligaacademy.vn\/nextgen-draft\/index.php\/team-registration\/\" class=\"pp-button elementor-button elementor-size-sm elementor-repeater-item-c746a94 \">\n\t\t\t\t\t<div class=\"pp-button-content-wrapper\">\n\t\t\t\t\t\t<span class=\"pp-button-content-inner pp-icon-before\">\n\t\t\t\t\t\t\t\n\t\t\t\t\t\t\t\t<span class=\"pp-button-title\">\n\t\t\t\t\t\t\t\t\t\u0110\u0102NG K\u00dd MI\u1ec4N PH\u00cd NGAY\t\t\t\t\t\t\t\t<\/span>\n\t\t\t\t\t\t\t\t\t\t\t\t\t<\/span>\n\t\t\t\t\t<\/div>\n\t\t\t\t<\/a>\n\t\t\t\t\t\t\t\t\t\t<\/div>\t\t\t\t<\/div>\n\t\t\t\t<\/div>\n\t\t\t\t\t<\/div>\n\t\t\t\t<\/div>\n\t\t\t\t<\/div>\n\t\t","protected":false},"excerpt":{"rendered":"<p>\u0110\u00e1nh th\u1ee9c ti\u1ec1m n\u0103ng, m\u1edf kh\u00f3a h\u00e0nh tr\u00ecnh\u0111\u1ebfn T\u00e2y Ban Nha!\u00a0 TH\u1ec2 L\u1ec6 GI\u1ea2I \u0110\u1ea4U&#8230;<\/p>\n","protected":false},"author":1,"featured_media":0,"parent":0,"menu_order":0,"comment_status":"closed","ping_status":"closed","template":"elementor_header_footer","meta":{"footnotes":""},"class_list":["post-568","page","type-page","status-publish","hentry"],"acf":[],"_links":{"self":[{"href":"https:\/\/laligaacademy.vn\/nextgen-draft\/wp-json\/wp\/v2\/pages\/568","targetHints":{"allow":["GET"]}}],"collection":[{"href":"https:\/\/laligaacademy.vn\/nextgen-draft\/wp-json\/wp\/v2\/pages"}],"about":[{"href":"https:\/\/laligaacademy.vn\/nextgen-draft\/wp-json\/wp\/v2\/types\/page"}],"author":[{"embeddable":true,"href":"https:\/\/laligaacademy.vn\/nextgen-draft\/wp-json\/wp\/v2\/users\/1"}],"replies":[{"embeddable":true,"href":"https:\/\/laligaacademy.vn\/nextgen-draft\/wp-json\/wp\/v2\/comments?post=568"}],"version-history":[{"count":128,"href":"https:\/\/laligaacademy.vn\/nextgen-draft\/wp-json\/wp\/v2\/pages\/568\/revisions"}],"predecessor-version":[{"id":1633,"href":"https:\/\/laligaacademy.vn\/nextgen-draft\/wp-json\/wp\/v2\/pages\/568\/revisions\/1633"}],"wp:attachment":[{"href":"https:\/\/laligaacademy.vn\/nextgen-draft\/wp-json\/wp\/v2\/media?parent=568"}],"curies":[{"name":"wp","href":"https:\/\/api.w.org\/{rel}","templated":true}]}}